{"id":788,"date":"2023-01-10T09:26:48","date_gmt":"2023-01-10T09:26:48","guid":{"rendered":"https:\/\/www.eigenlabelmerchandise.nl\/?page_id=788"},"modified":"2026-01-16T06:55:18","modified_gmt":"2026-01-16T06:55:18","slug":"custom-made","status":"publish","type":"page","link":"https:\/\/www.eigenlabelmerchandise.nl\/de\/wat-bieden-wij\/custom-made\/","title":{"rendered":"Sonderanfertigung"},"content":{"rendered":"<h1>Custom-made.<\/h1>\n<h4><\/h4>\n<h4><strong><em>Onze Expertise in Custom-made Producties<\/em><\/strong><\/h4>\n<p>Bij Eigenlabel Merchandise excelleren we in het custom-made produceren van diverse artikelen, zelfs in relatief bescheiden aantallen. Van kledingstukken tot voetballen, en van speelgoed tot tassen &#8211; wat u zich ook maar kunt voorstellen, kunnen wij met passie realiseren!<\/p>\n<h4><strong>Een Stap Boven Standaard<\/strong><\/h4>\n<p>Veel merchandise en promotie-artikelen vindt u in standaardcatalogi, met bedrukkingen of gravures op vooraf bepaalde posities. Maar om \u00e9cht op te vallen, is het cruciaal dat uw product onmiddellijk in het oog springt en werkelijk uniek is. Vaak volstaan standaard druktechnieken op bestaande artikelen niet. Voor een onderscheidend product moeten we vanaf de grond af aan beginnen, en dat is waar maatwerk om de hoek komt kijken.<\/p>\n<h4><strong>Eindeloze Mogelijkheden om U te Verrassen<\/strong><\/h4>\n<p>Denk bijvoorbeeld aan sportkleding met een volledige all-over bedrukking, of aan sleutelhangers in een unieke driedimensionale vorm. We kunnen boodschappentassen, reistassen en rugzakken ontwerpen volgens uw eigen huisstijl. Ook kunnen we voetballen maken met een groot logo en in de kleuren van uw club. Een dubbelzijdig bedrukte paraplu of bamboe cocktailprikkers behoren tot de mogelijkheden.<\/p>\n<h4><strong>Onbegrensde Creativiteit<\/strong><\/h4>\n<p>Met jarenlange ervaring in de branche en een uitgebreid wereldwijd netwerk van fabrikanten is geen project te gek voor ons. Wat vaak begint als een idee aan een vergadertafel, kunnen wij omzetten in een uniek product. Van enkele met de hand vervaardigde exemplaren bij de lokale vakman tot containers vol, geproduceerd in het Verre Oosten. Wij kunnen ons aanpassen aan elk budget, en bieden duurzame productie- en verzendopties voor uw tevredenheid.<\/p>\n<h4><strong>Uw Maatwerkpartner voor de Toekomst<\/strong><\/h4>\n<p>Maatwerk en klantspecifieke ontwerpen vereisen een gespecialiseerde aanpak, en dat is precies wat wij u bieden. We zorgen ervoor dat uw idee\u00ebn tot leven komen en u zich kunt onderscheiden van de rest.<\/p>\n<h4><strong>Neem Contact op voor een Unieke Ervaring<\/strong><\/h4>\n<p>Voor meer informatie, persoonlijk advies en <a href=\"https:\/\/www.eigenlabelmerchandise.nl\/contact\/\">een offerte<\/a> op maat, kunt u altijd contact met ons opnemen. Als u nieuwsgierig bent naar ons volledige aanbod, nodigen wij u graag uit om een kijkje te nemen in onze uitgebreide <a href=\"https:\/\/catalogus.eigenlabelmerchandise.nl\/the-green-impression?filter=FilterForm[categoryId][0]=232836\">catalogus<\/a>.<\/p>\n<p>&nbsp;<\/p>\n<p>&nbsp;<\/p>\n","protected":false},"excerpt":{"rendered":"<p>Ma\u00dfgeschneidert. Unsere Kompetenz in der Ma\u00dfanfertigung Wir von Eigenlabel Merchandise zeichnen uns durch die Ma\u00dfanfertigung verschiedenster Artikel aus, auch in relativ geringen St\u00fcckzahlen. Von Kleidungsst\u00fccken bis zu Fu\u00dfb\u00e4llen, von Spielzeugen bis zu Taschen - was immer Sie sich vorstellen k\u00f6nnen, wir k\u00f6nnen es mit Leidenschaft realisieren! Eine Stufe \u00fcber dem Standard Viele Merchandise- und Werbeartikel finden Sie ... <a href=\"https:\/\/www.eigenlabelmerchandise.nl\/de\/wat-bieden-wij\/custom-made\/\" class=\"more-link\">Lesen Sie weiter <span class=\"screen-reader-text\">Sonderanfertigung<\/span> <span class=\"meta-nav\">\u2192<\/span><\/a><\/p>","protected":false},"author":6,"featured_media":981,"parent":65,"menu_order":0,"comment_status":"closed","ping_status":"closed","template":"sub-voorwielanding.php","meta":{"_acf_changed":false,"_monsterinsights_skip_tracking":false,"_monsterinsights_sitenote_active":false,"_monsterinsights_sitenote_note":"","_monsterinsights_sitenote_category":0,"footnotes":""},"class_list":["post-788","page","type-page","status-publish","has-post-thumbnail","hentry"],"acf":[],"yoast_head":"<!-- This site is optimized with the Yoast SEO plugin v27.4 - https:\/\/yoast.com\/product\/yoast-seo-wordpress\/ -->\n<title>Custom-made - Eigenlabel Merchandise<\/title>\n<meta name=\"description\" content=\"Onze grootste specialiteit, is het custom-made produceren van elk gewenst artikel. In relatief lage aantallen.\" \/>\n<meta name=\"robots\" content=\"index, follow, max-snippet:-1, max-image-preview:large, max-video-preview:-1\" \/>\n<link rel=\"canonical\" href=\"https:\/\/www.eigenlabelmerchandise.nl\/de\/wat-bieden-wij\/custom-made\/\" \/>\n<meta property=\"og:locale\" content=\"de_DE\" \/>\n<meta property=\"og:type\" content=\"article\" \/>\n<meta property=\"og:title\" content=\"Custom-made - Eigenlabel Merchandise\" \/>\n<meta property=\"og:description\" content=\"Onze grootste specialiteit, is het custom-made produceren van elk gewenst artikel. In relatief lage aantallen.\" \/>\n<meta property=\"og:url\" content=\"https:\/\/www.eigenlabelmerchandise.nl\/de\/wat-bieden-wij\/custom-made\/\" \/>\n<meta property=\"og:site_name\" content=\"Eigenlabel Merchandise\" \/>\n<meta property=\"article:modified_time\" content=\"2026-01-16T06:55:18+00:00\" \/>\n<meta property=\"og:image\" content=\"https:\/\/www.eigenlabelmerchandise.nl\/wp-content\/uploads\/2023\/03\/paraplu.jpg\" \/>\n\t<meta property=\"og:image:width\" content=\"916\" \/>\n\t<meta property=\"og:image:height\" content=\"549\" \/>\n\t<meta property=\"og:image:type\" content=\"image\/jpeg\" \/>\n<meta name=\"twitter:card\" content=\"summary_large_image\" \/>\n<meta name=\"twitter:label1\" content=\"Gesch\u00e4tzte Lesezeit\" \/>\n\t<meta name=\"twitter:data1\" content=\"2\u00a0Minuten\" \/>\n<script type=\"application\/ld+json\" class=\"yoast-schema-graph\">{\"@context\":\"https:\\\/\\\/schema.org\",\"@graph\":[{\"@type\":\"WebPage\",\"@id\":\"https:\\\/\\\/www.eigenlabelmerchandise.nl\\\/wat-bieden-wij\\\/custom-made\\\/\",\"url\":\"https:\\\/\\\/www.eigenlabelmerchandise.nl\\\/wat-bieden-wij\\\/custom-made\\\/\",\"name\":\"Custom-made - Eigenlabel Merchandise\",\"isPartOf\":{\"@id\":\"https:\\\/\\\/www.eigenlabelmerchandise.nl\\\/#website\"},\"primaryImageOfPage\":{\"@id\":\"https:\\\/\\\/www.eigenlabelmerchandise.nl\\\/wat-bieden-wij\\\/custom-made\\\/#primaryimage\"},\"image\":{\"@id\":\"https:\\\/\\\/www.eigenlabelmerchandise.nl\\\/wat-bieden-wij\\\/custom-made\\\/#primaryimage\"},\"thumbnailUrl\":\"https:\\\/\\\/www.eigenlabelmerchandise.nl\\\/wp-content\\\/uploads\\\/2023\\\/03\\\/paraplu.jpg\",\"datePublished\":\"2023-01-10T09:26:48+00:00\",\"dateModified\":\"2026-01-16T06:55:18+00:00\",\"description\":\"Onze grootste specialiteit, is het custom-made produceren van elk gewenst artikel. In relatief lage aantallen.\",\"breadcrumb\":{\"@id\":\"https:\\\/\\\/www.eigenlabelmerchandise.nl\\\/wat-bieden-wij\\\/custom-made\\\/#breadcrumb\"},\"inLanguage\":\"de\",\"potentialAction\":[{\"@type\":\"ReadAction\",\"target\":[\"https:\\\/\\\/www.eigenlabelmerchandise.nl\\\/wat-bieden-wij\\\/custom-made\\\/\"]}]},{\"@type\":\"ImageObject\",\"inLanguage\":\"de\",\"@id\":\"https:\\\/\\\/www.eigenlabelmerchandise.nl\\\/wat-bieden-wij\\\/custom-made\\\/#primaryimage\",\"url\":\"https:\\\/\\\/www.eigenlabelmerchandise.nl\\\/wp-content\\\/uploads\\\/2023\\\/03\\\/paraplu.jpg\",\"contentUrl\":\"https:\\\/\\\/www.eigenlabelmerchandise.nl\\\/wp-content\\\/uploads\\\/2023\\\/03\\\/paraplu.jpg\",\"width\":916,\"height\":549,\"caption\":\"Marketingbureaus\"},{\"@type\":\"BreadcrumbList\",\"@id\":\"https:\\\/\\\/www.eigenlabelmerchandise.nl\\\/wat-bieden-wij\\\/custom-made\\\/#breadcrumb\",\"itemListElement\":[{\"@type\":\"ListItem\",\"position\":1,\"name\":\"Home\",\"item\":\"https:\\\/\\\/www.eigenlabelmerchandise.nl\\\/\"},{\"@type\":\"ListItem\",\"position\":2,\"name\":\"Wat bieden wij\",\"item\":\"https:\\\/\\\/www.eigenlabelmerchandise.nl\\\/wat-bieden-wij\\\/\"},{\"@type\":\"ListItem\",\"position\":3,\"name\":\"Custom-made\"}]},{\"@type\":\"WebSite\",\"@id\":\"https:\\\/\\\/www.eigenlabelmerchandise.nl\\\/#website\",\"url\":\"https:\\\/\\\/www.eigenlabelmerchandise.nl\\\/\",\"name\":\"Eigenlabel Merchandise\",\"description\":\"\",\"potentialAction\":[{\"@type\":\"SearchAction\",\"target\":{\"@type\":\"EntryPoint\",\"urlTemplate\":\"https:\\\/\\\/www.eigenlabelmerchandise.nl\\\/?s={search_term_string}\"},\"query-input\":{\"@type\":\"PropertyValueSpecification\",\"valueRequired\":true,\"valueName\":\"search_term_string\"}}],\"inLanguage\":\"de\"}]}<\/script>\n<!-- \/ Yoast SEO plugin. -->","yoast_head_json":{"title":"Custom-made - Eigenlabel Merchandise","description":"Onze grootste specialiteit, is het custom-made produceren van elk gewenst artikel. In relatief lage aantallen.","robots":{"index":"index","follow":"follow","max-snippet":"max-snippet:-1","max-image-preview":"max-image-preview:large","max-video-preview":"max-video-preview:-1"},"canonical":"https:\/\/www.eigenlabelmerchandise.nl\/de\/wat-bieden-wij\/custom-made\/","og_locale":"de_DE","og_type":"article","og_title":"Custom-made - Eigenlabel Merchandise","og_description":"Onze grootste specialiteit, is het custom-made produceren van elk gewenst artikel. In relatief lage aantallen.","og_url":"https:\/\/www.eigenlabelmerchandise.nl\/de\/wat-bieden-wij\/custom-made\/","og_site_name":"Eigenlabel Merchandise","article_modified_time":"2026-01-16T06:55:18+00:00","og_image":[{"width":916,"height":549,"url":"https:\/\/www.eigenlabelmerchandise.nl\/wp-content\/uploads\/2023\/03\/paraplu.jpg","type":"image\/jpeg"}],"twitter_card":"summary_large_image","twitter_misc":{"Gesch\u00e4tzte Lesezeit":"2\u00a0Minuten"},"schema":{"@context":"https:\/\/schema.org","@graph":[{"@type":"WebPage","@id":"https:\/\/www.eigenlabelmerchandise.nl\/wat-bieden-wij\/custom-made\/","url":"https:\/\/www.eigenlabelmerchandise.nl\/wat-bieden-wij\/custom-made\/","name":"Custom-made - Eigenlabel Merchandise","isPartOf":{"@id":"https:\/\/www.eigenlabelmerchandise.nl\/#website"},"primaryImageOfPage":{"@id":"https:\/\/www.eigenlabelmerchandise.nl\/wat-bieden-wij\/custom-made\/#primaryimage"},"image":{"@id":"https:\/\/www.eigenlabelmerchandise.nl\/wat-bieden-wij\/custom-made\/#primaryimage"},"thumbnailUrl":"https:\/\/www.eigenlabelmerchandise.nl\/wp-content\/uploads\/2023\/03\/paraplu.jpg","datePublished":"2023-01-10T09:26:48+00:00","dateModified":"2026-01-16T06:55:18+00:00","description":"Onze grootste specialiteit, is het custom-made produceren van elk gewenst artikel. In relatief lage aantallen.","breadcrumb":{"@id":"https:\/\/www.eigenlabelmerchandise.nl\/wat-bieden-wij\/custom-made\/#breadcrumb"},"inLanguage":"de","potentialAction":[{"@type":"ReadAction","target":["https:\/\/www.eigenlabelmerchandise.nl\/wat-bieden-wij\/custom-made\/"]}]},{"@type":"ImageObject","inLanguage":"de","@id":"https:\/\/www.eigenlabelmerchandise.nl\/wat-bieden-wij\/custom-made\/#primaryimage","url":"https:\/\/www.eigenlabelmerchandise.nl\/wp-content\/uploads\/2023\/03\/paraplu.jpg","contentUrl":"https:\/\/www.eigenlabelmerchandise.nl\/wp-content\/uploads\/2023\/03\/paraplu.jpg","width":916,"height":549,"caption":"Marketingbureaus"},{"@type":"BreadcrumbList","@id":"https:\/\/www.eigenlabelmerchandise.nl\/wat-bieden-wij\/custom-made\/#breadcrumb","itemListElement":[{"@type":"ListItem","position":1,"name":"Home","item":"https:\/\/www.eigenlabelmerchandise.nl\/"},{"@type":"ListItem","position":2,"name":"Wat bieden wij","item":"https:\/\/www.eigenlabelmerchandise.nl\/wat-bieden-wij\/"},{"@type":"ListItem","position":3,"name":"Custom-made"}]},{"@type":"WebSite","@id":"https:\/\/www.eigenlabelmerchandise.nl\/#website","url":"https:\/\/www.eigenlabelmerchandise.nl\/","name":"Eigenmarken-Waren","description":"","potentialAction":[{"@type":"SearchAction","target":{"@type":"EntryPoint","urlTemplate":"https:\/\/www.eigenlabelmerchandise.nl\/?s={search_term_string}"},"query-input":{"@type":"PropertyValueSpecification","valueRequired":true,"valueName":"search_term_string"}}],"inLanguage":"de"}]}},"_links":{"self":[{"href":"https:\/\/www.eigenlabelmerchandise.nl\/de\/wp-json\/wp\/v2\/pages\/788","targetHints":{"allow":["GET"]}}],"collection":[{"href":"https:\/\/www.eigenlabelmerchandise.nl\/de\/wp-json\/wp\/v2\/pages"}],"about":[{"href":"https:\/\/www.eigenlabelmerchandise.nl\/de\/wp-json\/wp\/v2\/types\/page"}],"author":[{"embeddable":true,"href":"https:\/\/www.eigenlabelmerchandise.nl\/de\/wp-json\/wp\/v2\/users\/6"}],"replies":[{"embeddable":true,"href":"https:\/\/www.eigenlabelmerchandise.nl\/de\/wp-json\/wp\/v2\/comments?post=788"}],"version-history":[{"count":46,"href":"https:\/\/www.eigenlabelmerchandise.nl\/de\/wp-json\/wp\/v2\/pages\/788\/revisions"}],"predecessor-version":[{"id":2430,"href":"https:\/\/www.eigenlabelmerchandise.nl\/de\/wp-json\/wp\/v2\/pages\/788\/revisions\/2430"}],"up":[{"embeddable":true,"href":"https:\/\/www.eigenlabelmerchandise.nl\/de\/wp-json\/wp\/v2\/pages\/65"}],"wp:featuredmedia":[{"embeddable":true,"href":"https:\/\/www.eigenlabelmerchandise.nl\/de\/wp-json\/wp\/v2\/media\/981"}],"wp:attachment":[{"href":"https:\/\/www.eigenlabelmerchandise.nl\/de\/wp-json\/wp\/v2\/media?parent=788"}],"curies":[{"name":"wp","href":"https:\/\/api.w.org\/{rel}","templated":true}]}}